{"id":2032,"date":"2025-09-15T12:08:26","date_gmt":"2025-09-15T12:08:26","guid":{"rendered":"https:\/\/asaja.net\/?page_id=2032"},"modified":"2025-11-17T11:06:06","modified_gmt":"2025-11-17T11:06:06","slug":"wooden-elements-for-the-furniture-industry","status":"publish","type":"page","link":"https:\/\/asaja.net\/lt\/wooden-elements-for-the-furniture-industry\/","title":{"rendered":"Mediniai elementai"},"content":{"rendered":"<div data-elementor-type=\"wp-page\" data-elementor-id=\"2032\" class=\"elementor elementor-2032\">\n\t\t\t\t<div class=\"elementor-element elementor-element-3cedfa4 e-flex e-con-boxed wpr-particle-no wpr-jarallax-no wpr-parallax-no wpr-sticky-section-no wpr-equal-height-no e-con e-parent\" data-id=\"3cedfa4\" data-element_type=\"container\">\n\t\t\t\t\t<div class=\"e-con-inner\">\n\t\t\t\t<div class=\"elementor-element elementor-element-7194cabe elementor-widget elementor-widget-heading\" data-id=\"7194cabe\" data-element_type=\"widget\" data-widget_type=\"heading.default\">\n\t\t\t\t\t<h2 class=\"elementor-heading-title elementor-size-default\">Medini\u0173 element\u0173 kategorijos<\/h2>\t\t\t\t<\/div>\n\t\t\t\t\t<\/div>\n\t\t\t\t<\/div>\n\t\t<div class=\"elementor-element elementor-element-3c768e4c e-flex e-con-boxed wpr-particle-no wpr-jarallax-no wpr-parallax-no wpr-sticky-section-no wpr-equal-height-no e-con e-parent\" data-id=\"3c768e4c\" data-element_type=\"container\">\n\t\t\t\t\t<div class=\"e-con-inner\">\n\t\t\t\t<div class=\"elementor-element elementor-element-36119bd3 e-n-tabs-mobile elementor-widget elementor-widget-n-tabs\" data-id=\"36119bd3\" data-element_type=\"widget\" data-settings=\"{&quot;tabs_justify_horizontal&quot;:&quot;start&quot;,&quot;horizontal_scroll&quot;:&quot;disable&quot;}\" data-widget_type=\"nested-tabs.default\">\n\t\t\t\t\t\t\t<div class=\"e-n-tabs\" data-widget-number=\"907123667\" aria-label=\"Skirtukai. Atidarykite elementus su Enter arba Space, u\u017edarykite su Escape ir nar\u0161ykite naudodami rodykli\u0173 klavi\u0161us.\">\n\t\t\t<div class=\"e-n-tabs-heading\" role=\"tablist\">\n\t\t\t\t\t<button id=\"e-n-tab-title-9071236671\" data-tab-title-id=\"e-n-tab-title-9071236671\" class=\"e-n-tab-title\" aria-selected=\"true\" data-tab-index=\"1\" role=\"tab\" tabindex=\"0\" aria-controls=\"e-n-tab-content-9071236671\" style=\"--n-tabs-title-order: 1;\">\n\t\t\t\t\t\t<span class=\"e-n-tab-title-text\">\n\t\t\t\tBald\u0173 pramon\u0117\t\t\t<\/span>\n\t\t<\/button>\n\t\t\t\t\t<\/div>\n\t\t\t<div class=\"e-n-tabs-content\">\n\t\t\t\t<div id=\"e-n-tab-content-9071236671\" role=\"tabpanel\" aria-labelledby=\"e-n-tab-title-9071236671\" data-tab-index=\"1\" style=\"--n-tabs-title-order: 1;\" class=\"e-active elementor-element elementor-element-3bd35dc0 e-con-full e-flex wpr-particle-no wpr-jarallax-no wpr-parallax-no wpr-sticky-section-no wpr-equal-height-no e-con e-child\" data-id=\"3bd35dc0\" data-element_type=\"container\">\n\t\t<div class=\"elementor-element elementor-element-6fb76b49 e-con-full e-flex wpr-particle-no wpr-jarallax-no wpr-parallax-no wpr-sticky-section-no wpr-equal-height-no e-con e-child\" data-id=\"6fb76b49\" data-element_type=\"container\">\n\t\t\t\t<div class=\"elementor-element elementor-element-10ac44a5 gallery-spacing-custom elementor-widget elementor-widget-image-gallery\" data-id=\"10ac44a5\" data-element_type=\"widget\" data-widget_type=\"image-gallery.default\">\n\t\t\t\t\t\t\t<div class=\"elementor-image-gallery\">\n\t\t\t<div id='gallery-1' class='gallery galleryid-2032 gallery-columns-2 gallery-size-full'><figure class='gallery-item'>\n\t\t\t<div class='gallery-icon landscape'>\n\t\t\t\t<img fetchpriority=\"high\" decoding=\"async\" width=\"1024\" height=\"1024\" src=\"https:\/\/asaja.net\/wp-content\/uploads\/2025\/09\/ChatGPT-Image-Sep-22-2025-12_44_51-PM.png\" class=\"attachment-full size-full\" alt=\"\" srcset=\"https:\/\/asaja.net\/wp-content\/uploads\/2025\/09\/ChatGPT-Image-Sep-22-2025-12_44_51-PM.png 1024w, https:\/\/asaja.net\/wp-content\/uploads\/2025\/09\/ChatGPT-Image-Sep-22-2025-12_44_51-PM-300x300.png 300w, https:\/\/asaja.net\/wp-content\/uploads\/2025\/09\/ChatGPT-Image-Sep-22-2025-12_44_51-PM-150x150.png 150w, https:\/\/asaja.net\/wp-content\/uploads\/2025\/09\/ChatGPT-Image-Sep-22-2025-12_44_51-PM-768x768.png 768w, https:\/\/asaja.net\/wp-content\/uploads\/2025\/09\/ChatGPT-Image-Sep-22-2025-12_44_51-PM-12x12.png 12w\" sizes=\"(max-width: 1024px) 100vw, 1024px\" \/>\n\t\t\t<\/div><\/figure><figure class='gallery-item'>\n\t\t\t<div class='gallery-icon landscape'>\n\t\t\t\t<img decoding=\"async\" width=\"1024\" height=\"1024\" src=\"https:\/\/asaja.net\/wp-content\/uploads\/2025\/09\/ChatGPT-Image-Sep-22-2025-12_46_22-PM.png\" class=\"attachment-full size-full\" alt=\"\" srcset=\"https:\/\/asaja.net\/wp-content\/uploads\/2025\/09\/ChatGPT-Image-Sep-22-2025-12_46_22-PM.png 1024w, https:\/\/asaja.net\/wp-content\/uploads\/2025\/09\/ChatGPT-Image-Sep-22-2025-12_46_22-PM-300x300.png 300w, https:\/\/asaja.net\/wp-content\/uploads\/2025\/09\/ChatGPT-Image-Sep-22-2025-12_46_22-PM-150x150.png 150w, https:\/\/asaja.net\/wp-content\/uploads\/2025\/09\/ChatGPT-Image-Sep-22-2025-12_46_22-PM-768x768.png 768w, https:\/\/asaja.net\/wp-content\/uploads\/2025\/09\/ChatGPT-Image-Sep-22-2025-12_46_22-PM-12x12.png 12w\" sizes=\"(max-width: 1024px) 100vw, 1024px\" \/>\n\t\t\t<\/div><\/figure>\n\t\t<\/div>\n\t\t<\/div>\n\t\t\t\t\t\t<\/div>\n\t\t\t\t<\/div>\n\t\t<div class=\"elementor-element elementor-element-3ffba4d3 e-con-full e-flex wpr-particle-no wpr-jarallax-no wpr-parallax-no wpr-sticky-section-no wpr-equal-height-no e-con e-child\" data-id=\"3ffba4d3\" data-element_type=\"container\">\n\t\t\t\t<div class=\"elementor-element elementor-element-ee139cf elementor-widget elementor-widget-heading\" data-id=\"ee139cf\" data-element_type=\"widget\" data-widget_type=\"heading.default\">\n\t\t\t\t\t<h2 class=\"elementor-heading-title elementor-size-default\">Mediniai elementai bald\u0173 pramonei<\/h2>\t\t\t\t<\/div>\n\t\t\t\t<div class=\"elementor-element elementor-element-5ec2ff18 elementor-widget elementor-widget-text-editor\" data-id=\"5ec2ff18\" data-element_type=\"widget\" data-widget_type=\"text-editor.default\">\n\t\t\t\t\t\t\t\t\t<p data-start=\"0\" data-end=\"309\">M\u016bs\u0173 \u012fmon\u0117 gamina auk\u0161tos kokyb\u0117s medinius elementus bald\u0173 pramonei, atitinkan\u010dius\nauk\u0161\u010diausius tikslumo, tvirtumo ir estetikos reikalavimus. Gaminiai gaminami i\u0161 juodalksnio\narba liepos medienos. Naudojame kruop\u0161\u010diai atrinkt\u0105 medien\u0105, kuri u\u017etikrina ilgaam\u017ei\u0161kum\u0105 ir\nstabilum\u0105 gamybos procese.<\/p><p data-start=\"311\" data-end=\"563\">Si\u016blome \u012fvairi\u0173 r\u016b\u0161i\u0173 obliuotus, klijuotus ir dygiuotus medinius ruo\u0161inius, tinkamus bald\u0173\npramonei. Gamyba vykdoma pagal individualius u\u017esakymus \u2013 tiksliai pagal kliento pateiktus\nbr\u0117\u017einius ar technines specifikacijas.<\/p><article class=\"text-token-text-primary w-full focus:outline-none [--shadow-height:45px] has-data-writing-block:pointer-events-none has-data-writing-block:-mt-(--shadow-height) has-data-writing-block:pt-(--shadow-height) [&amp;:has([data-writing-block])&gt;*]:pointer-events-auto [content-visibility:auto] supports-[content-visibility:auto]:[contain-intrinsic-size:auto_100lvh] scroll-mt-[calc(var(--header-height)+min(200px,max(70px,20svh)))]\" dir=\"auto\" tabindex=\"-1\" data-turn-id=\"request-WEB:2845088f-449a-4c73-9715-2a953fd1cbda-0\" data-testid=\"conversation-turn-2\" data-scroll-anchor=\"true\" data-turn=\"assistant\"><div class=\"text-base my-auto mx-auto pb-10 [--thread-content-margin:--spacing(4)] thread-sm:[--thread-content-margin:--spacing(6)] thread-lg:[--thread-content-margin:--spacing(16)] px-(--thread-content-margin)\"><div class=\"[--thread-content-max-width:40rem] thread-lg:[--thread-content-max-width:48rem] mx-auto max-w-(--thread-content-max-width) flex-1 group\/turn-messages focus-visible:outline-hidden relative flex w-full min-w-0 flex-col agent-turn\" tabindex=\"-1\"><div class=\"flex max-w-full flex-col grow\"><div class=\"min-h-8 text-message relative flex w-full flex-col items-end gap-2 text-start break-words whitespace-normal [.text-message+&amp;]:mt-1\" dir=\"auto\" data-message-author-role=\"assistant\" data-message-id=\"c880d1b0-b8ad-4a59-9447-51c44b742e35\" data-message-model-slug=\"gpt-5-1\"><div class=\"flex w-full flex-col gap-1 empty:hidden first:pt-[1px]\"><div class=\"markdown prose dark:prose-invert w-full break-words light markdown-new-styling\"><p data-start=\"565\" data-end=\"874\" data-is-last-node=\"\" data-is-only-node=\"\">Turime moderni\u0105 \u012frang\u0105, leid\u017eian\u010di\u0105 u\u017etikrinti auk\u0161t\u0105 pavir\u0161iaus kokyb\u0119 ir tiksl\u0173 matmen\u0173\nlaikym\u0105si. Kiekvienas gaminys pereina kokyb\u0117s kontrol\u0119, tod\u0117l m\u016bs\u0173 mediniai komponentai\nbald\u0173 gamybai i\u0161siskiria patikimumu, esteti\u0161ka i\u0161vaizda ir tvariu po\u017ei\u016briu \u012f gamyb\u0105.<\/p><\/div><\/div><\/div><\/div><\/div><\/div><\/article>\t\t\t\t\t\t\t\t<\/div>\n\t\t\t\t<div class=\"elementor-element elementor-element-52998953 elementor-widget elementor-widget-button\" data-id=\"52998953\" data-element_type=\"widget\" data-widget_type=\"button.default\">\n\t\t\t\t\t\t\t\t\t\t<a class=\"elementor-button elementor-button-link elementor-size-sm\" href=\"https:\/\/asaja.net\/lt\/contact\/\">\n\t\t\t\t\t\t<span class=\"elementor-button-content-wrapper\">\n\t\t\t\t\t\t<span class=\"elementor-button-icon\">\n\t\t\t\t<svg aria-hidden=\"true\" class=\"e-font-icon-svg e-fas-phone-alt\" viewbox=\"0 0 512 512\" xmlns=\"http:\/\/www.w3.org\/2000\/svg\"><path d=\"M497.39 361.8l-112-48a24 24 0 0 0-28 6.9l-49.6 60.6A370.66 370.66 0 0 1 130.6 204.11l60.6-49.6a23.94 23.94 0 0 0 6.9-28l-48-112A24.16 24.16 0 0 0 122.6.61l-104 24A24 24 0 0 0 0 48c0 256.5 207.9 464 464 464a24 24 0 0 0 23.4-18.6l24-104a24.29 24.29 0 0 0-14.01-27.6z\"><\/path><\/svg>\t\t\t<\/span>\n\t\t\t\t\t\t\t\t\t<span class=\"elementor-button-text\">Susisiekti su pardavimais<\/span>\n\t\t\t\t\t<\/span>\n\t\t\t\t\t<\/a>\n\t\t\t\t\t\t\t\t<\/div>\n\t\t\t\t<\/div>\n\t\t\t\t<\/div>\n\t\t\t\t\t<\/div>\n\t\t<\/div>\n\t\t\t\t\t\t<\/div>\n\t\t\t\t\t<\/div>\n\t\t\t\t<\/div>\n\t\t\t\t<\/div>","protected":false},"excerpt":{"rendered":"<p>Wooden Element Categories Furniture Industry Wooden elements for the furniture industry\u200b Our company manufactures high-quality wooden components for the furniture industry that meet the highest standards of precision, strength, and aesthetics. The products are made from alder or linden wood. We use carefully selected timber that ensures durability and stability throughout the production process. We offer various types of planed, glued, and finger-jointed wooden blanks suitable for the furniture industry. Production is carried out according to individual orders\u2014precisely following the drawings or technical specifications provided by the client. We have modern equipment that allows us to ensure a high-quality surface finish and precise dimensional accuracy. Each product undergoes quality control, which is why our wooden components for furniture manufacturing stand out for their reliability, attractive appearance, and sustainable production approach. Contact Sales Wooden elements for the furniture industry\u200b Our company manufactures high-quality wooden components for the furniture industry that meet the highest standards of precision, strength, and aesthetics. The products are made from alder or linden wood. We use carefully selected timber that ensures durability and stability throughout the production process. We offer various types of planed, glued, and finger-jointed wooden blanks suitable for the furniture industry. Production is carried out according to individual orders\u2014precisely following the drawings or technical specifications provided by the client. We have modern equipment that allows us to ensure a high-quality surface finish and precise dimensional accuracy. Each product undergoes quality control, which is why our wooden components for furniture manufacturing stand out for their reliability, attractive appearance, and sustainable production approach. Contact Sales<\/p>","protected":false},"author":1,"featured_media":0,"parent":0,"menu_order":0,"comment_status":"closed","ping_status":"closed","template":"","meta":{"footnotes":""},"class_list":["post-2032","page","type-page","status-publish","hentry"],"_links":{"self":[{"href":"https:\/\/asaja.net\/lt\/wp-json\/wp\/v2\/pages\/2032","targetHints":{"allow":["GET"]}}],"collection":[{"href":"https:\/\/asaja.net\/lt\/wp-json\/wp\/v2\/pages"}],"about":[{"href":"https:\/\/asaja.net\/lt\/wp-json\/wp\/v2\/types\/page"}],"author":[{"embeddable":true,"href":"https:\/\/asaja.net\/lt\/wp-json\/wp\/v2\/users\/1"}],"replies":[{"embeddable":true,"href":"https:\/\/asaja.net\/lt\/wp-json\/wp\/v2\/comments?post=2032"}],"version-history":[{"count":26,"href":"https:\/\/asaja.net\/lt\/wp-json\/wp\/v2\/pages\/2032\/revisions"}],"predecessor-version":[{"id":2579,"href":"https:\/\/asaja.net\/lt\/wp-json\/wp\/v2\/pages\/2032\/revisions\/2579"}],"wp:attachment":[{"href":"https:\/\/asaja.net\/lt\/wp-json\/wp\/v2\/media?parent=2032"}],"curies":[{"name":"wp","href":"https:\/\/api.w.org\/{rel}","templated":true}]}}