{"id":2036,"date":"2025-09-15T12:08:58","date_gmt":"2025-09-15T12:08:58","guid":{"rendered":"https:\/\/asaja.net\/?page_id=2036"},"modified":"2025-11-17T11:13:10","modified_gmt":"2025-11-17T11:13:10","slug":"pallet-blanks","status":"publish","type":"page","link":"https:\/\/asaja.net\/lt\/pallet-blanks\/","title":{"rendered":"Pad\u0117kl\u0173 ruo\u0161iniai"},"content":{"rendered":"<div data-elementor-type=\"wp-page\" data-elementor-id=\"2036\" class=\"elementor elementor-2036\">\n\t\t\t\t<div class=\"elementor-element elementor-element-5a303c3c e-flex e-con-boxed wpr-particle-no wpr-jarallax-no wpr-parallax-no wpr-sticky-section-no wpr-equal-height-no e-con e-parent\" data-id=\"5a303c3c\" data-element_type=\"container\">\n\t\t\t\t\t<div class=\"e-con-inner\">\n\t\t\t\t<div class=\"elementor-element elementor-element-5773ecf0 elementor-widget elementor-widget-heading\" data-id=\"5773ecf0\" data-element_type=\"widget\" data-widget_type=\"heading.default\">\n\t\t\t\t\t<h2 class=\"elementor-heading-title elementor-size-default\">Pad\u0117kl\u0173 ruo\u0161ini\u0173 kategorijos<\/h2>\t\t\t\t<\/div>\n\t\t\t\t\t<\/div>\n\t\t\t\t<\/div>\n\t\t<div class=\"elementor-element elementor-element-263b32ae e-flex e-con-boxed wpr-particle-no wpr-jarallax-no wpr-parallax-no wpr-sticky-section-no wpr-equal-height-no e-con e-parent\" data-id=\"263b32ae\" data-element_type=\"container\">\n\t\t\t\t\t<div class=\"e-con-inner\">\n\t\t\t\t<div class=\"elementor-element elementor-element-334b0851 e-n-tabs-mobile elementor-widget elementor-widget-n-tabs\" data-id=\"334b0851\" data-element_type=\"widget\" data-settings=\"{&quot;tabs_justify_horizontal&quot;:&quot;start&quot;,&quot;horizontal_scroll&quot;:&quot;disable&quot;}\" data-widget_type=\"nested-tabs.default\">\n\t\t\t\t\t\t\t<div class=\"e-n-tabs\" data-widget-number=\"860555345\" aria-label=\"Skirtukai. Atidarykite elementus su Enter arba Space, u\u017edarykite su Escape ir nar\u0161ykite naudodami rodykli\u0173 klavi\u0161us.\">\n\t\t\t<div class=\"e-n-tabs-heading\" role=\"tablist\">\n\t\t\t\t\t<button id=\"e-n-tab-title-8605553451\" data-tab-title-id=\"e-n-tab-title-8605553451\" class=\"e-n-tab-title\" aria-selected=\"true\" data-tab-index=\"1\" role=\"tab\" tabindex=\"0\" aria-controls=\"e-n-tab-content-8605553451\" style=\"--n-tabs-title-order: 1;\">\n\t\t\t\t\t\t<span class=\"e-n-tab-title-text\">\n\t\t\t\tTarin\u0117s lentel\u0117s\t\t\t<\/span>\n\t\t<\/button>\n\t\t\t\t<button id=\"e-n-tab-title-8605553452\" data-tab-title-id=\"e-n-tab-title-8605553452\" class=\"e-n-tab-title\" aria-selected=\"false\" data-tab-index=\"2\" role=\"tab\" tabindex=\"-1\" aria-controls=\"e-n-tab-content-8605553452\" style=\"--n-tabs-title-order: 2;\">\n\t\t\t\t\t\t<span class=\"e-n-tab-title-text\">\n\t\t\t\tTasai\t\t\t<\/span>\n\t\t<\/button>\n\t\t\t\t\t<\/div>\n\t\t\t<div class=\"e-n-tabs-content\">\n\t\t\t\t<div id=\"e-n-tab-content-8605553451\" role=\"tabpanel\" aria-labelledby=\"e-n-tab-title-8605553451\" data-tab-index=\"1\" style=\"--n-tabs-title-order: 1;\" class=\"e-active elementor-element elementor-element-35fba89 e-con-full e-flex wpr-particle-no wpr-jarallax-no wpr-parallax-no wpr-sticky-section-no wpr-equal-height-no e-con e-child\" data-id=\"35fba89\" data-element_type=\"container\">\n\t\t<div class=\"elementor-element elementor-element-1819155d e-con-full e-flex wpr-particle-no wpr-jarallax-no wpr-parallax-no wpr-sticky-section-no wpr-equal-height-no e-con e-child\" data-id=\"1819155d\" data-element_type=\"container\">\n\t\t\t\t<div class=\"elementor-element elementor-element-6e90e16d gallery-spacing-custom elementor-widget elementor-widget-image-gallery\" data-id=\"6e90e16d\" data-element_type=\"widget\" data-widget_type=\"image-gallery.default\">\n\t\t\t\t\t\t\t<div class=\"elementor-image-gallery\">\n\t\t\t<div id='gallery-1' class='gallery galleryid-2036 gallery-columns-2 gallery-size-full'><figure class='gallery-item'>\n\t\t\t<div class='gallery-icon landscape'>\n\t\t\t\t<img fetchpriority=\"high\" decoding=\"async\" width=\"1024\" height=\"1024\" src=\"https:\/\/asaja.net\/wp-content\/uploads\/2025\/09\/ChatGPT-Image-Sep-22-2025-06_54_51-PM.png\" class=\"attachment-full size-full\" alt=\"\" srcset=\"https:\/\/asaja.net\/wp-content\/uploads\/2025\/09\/ChatGPT-Image-Sep-22-2025-06_54_51-PM.png 1024w, https:\/\/asaja.net\/wp-content\/uploads\/2025\/09\/ChatGPT-Image-Sep-22-2025-06_54_51-PM-300x300.png 300w, https:\/\/asaja.net\/wp-content\/uploads\/2025\/09\/ChatGPT-Image-Sep-22-2025-06_54_51-PM-150x150.png 150w, https:\/\/asaja.net\/wp-content\/uploads\/2025\/09\/ChatGPT-Image-Sep-22-2025-06_54_51-PM-768x768.png 768w, https:\/\/asaja.net\/wp-content\/uploads\/2025\/09\/ChatGPT-Image-Sep-22-2025-06_54_51-PM-12x12.png 12w\" sizes=\"(max-width: 1024px) 100vw, 1024px\" \/>\n\t\t\t<\/div><\/figure><figure class='gallery-item'>\n\t\t\t<div class='gallery-icon landscape'>\n\t\t\t\t<img decoding=\"async\" width=\"1024\" height=\"1021\" src=\"https:\/\/asaja.net\/wp-content\/uploads\/2025\/09\/ChatGPT-Image-Sep-22-2025-06_58_05-PM-1.png\" class=\"attachment-full size-full\" alt=\"\" srcset=\"https:\/\/asaja.net\/wp-content\/uploads\/2025\/09\/ChatGPT-Image-Sep-22-2025-06_58_05-PM-1.png 1024w, https:\/\/asaja.net\/wp-content\/uploads\/2025\/09\/ChatGPT-Image-Sep-22-2025-06_58_05-PM-1-300x300.png 300w, https:\/\/asaja.net\/wp-content\/uploads\/2025\/09\/ChatGPT-Image-Sep-22-2025-06_58_05-PM-1-150x150.png 150w, https:\/\/asaja.net\/wp-content\/uploads\/2025\/09\/ChatGPT-Image-Sep-22-2025-06_58_05-PM-1-768x766.png 768w, https:\/\/asaja.net\/wp-content\/uploads\/2025\/09\/ChatGPT-Image-Sep-22-2025-06_58_05-PM-1-12x12.png 12w\" sizes=\"(max-width: 1024px) 100vw, 1024px\" \/>\n\t\t\t<\/div><\/figure>\n\t\t<\/div>\n\t\t<\/div>\n\t\t\t\t\t\t<\/div>\n\t\t\t\t<\/div>\n\t\t<div class=\"elementor-element elementor-element-598665a9 e-con-full e-flex wpr-particle-no wpr-jarallax-no wpr-parallax-no wpr-sticky-section-no wpr-equal-height-no e-con e-child\" data-id=\"598665a9\" data-element_type=\"container\">\n\t\t\t\t<div class=\"elementor-element elementor-element-1f4ac62b elementor-widget elementor-widget-heading\" data-id=\"1f4ac62b\" data-element_type=\"widget\" data-widget_type=\"heading.default\">\n\t\t\t\t\t<h2 class=\"elementor-heading-title elementor-size-default\">Tarin\u0117s lentel\u0117s<\/h2>\t\t\t\t<\/div>\n\t\t\t\t<div class=\"elementor-element elementor-element-ac8a4ee elementor-widget elementor-widget-text-editor\" data-id=\"ac8a4ee\" data-element_type=\"widget\" data-widget_type=\"text-editor.default\">\n\t\t\t\t\t\t\t\t\t<p data-start=\"112\" data-end=\"230\">UAB <strong data-start=\"4\" data-end=\"15\">\u201cASAJA\u201d<\/strong> gamina tarines lenteles ir ta\u0161us, skirtus \u012fvairi\u0173 r\u016b\u0161i\u0173 mediniams pad\u0117klams gaminti.\nTarin\u0117 produkcija yra \u0161vie\u017eio pjovimo bei nat\u016bralaus dr\u0117gnumo.<\/p><p data-start=\"0\" data-end=\"280\">\u012emon\u0117je gaminami <strong data-start=\"218\" data-end=\"242\">I ir II r\u016b\u0161ies<\/strong> lentel\u0117s bei ta\u0161ai i\u0161 lapuo\u010di\u0173 medienos.<\/p><p data-start=\"282\" data-end=\"326\">Lenteli\u0173 matmenys (mm):<\/p><ul><li data-start=\"329\" data-end=\"345\">22 \u00d7 98 \u00d7 1200<\/li><li data-start=\"329\" data-end=\"345\">22 \u00d7 98 \u00d7 1000<\/li><li data-start=\"329\" data-end=\"345\">22 \u00d7 98 \u00d7 800<\/li><\/ul><p data-start=\"112\" data-end=\"230\">\u00a0<\/p>\t\t\t\t\t\t\t\t<\/div>\n\t\t\t\t<div class=\"elementor-element elementor-element-6712d2c3 elementor-widget elementor-widget-button\" data-id=\"6712d2c3\" data-element_type=\"widget\" data-widget_type=\"button.default\">\n\t\t\t\t\t\t\t\t\t\t<a class=\"elementor-button elementor-button-link elementor-size-sm\" href=\"https:\/\/asaja.net\/lt\/contact\/\">\n\t\t\t\t\t\t<span class=\"elementor-button-content-wrapper\">\n\t\t\t\t\t\t<span class=\"elementor-button-icon\">\n\t\t\t\t<svg aria-hidden=\"true\" class=\"e-font-icon-svg e-fas-phone-alt\" viewbox=\"0 0 512 512\" xmlns=\"http:\/\/www.w3.org\/2000\/svg\"><path d=\"M497.39 361.8l-112-48a24 24 0 0 0-28 6.9l-49.6 60.6A370.66 370.66 0 0 1 130.6 204.11l60.6-49.6a23.94 23.94 0 0 0 6.9-28l-48-112A24.16 24.16 0 0 0 122.6.61l-104 24A24 24 0 0 0 0 48c0 256.5 207.9 464 464 464a24 24 0 0 0 23.4-18.6l24-104a24.29 24.29 0 0 0-14.01-27.6z\"><\/path><\/svg>\t\t\t<\/span>\n\t\t\t\t\t\t\t\t\t<span class=\"elementor-button-text\">Susisiekti su pardavimais<\/span>\n\t\t\t\t\t<\/span>\n\t\t\t\t\t<\/a>\n\t\t\t\t\t\t\t\t<\/div>\n\t\t\t\t<\/div>\n\t\t\t\t<\/div>\n\t\t<div id=\"e-n-tab-content-8605553452\" role=\"tabpanel\" aria-labelledby=\"e-n-tab-title-8605553452\" data-tab-index=\"2\" style=\"--n-tabs-title-order: 2;\" class=\"elementor-element elementor-element-70f11a00 e-con-full e-flex wpr-particle-no wpr-jarallax-no wpr-parallax-no wpr-sticky-section-no wpr-equal-height-no e-con e-child\" data-id=\"70f11a00\" data-element_type=\"container\">\n\t\t<div class=\"elementor-element elementor-element-319b72e8 e-con-full e-flex wpr-particle-no wpr-jarallax-no wpr-parallax-no wpr-sticky-section-no wpr-equal-height-no e-con e-child\" data-id=\"319b72e8\" data-element_type=\"container\">\n\t\t\t\t<div class=\"elementor-element elementor-element-3d4fa3c5 gallery-spacing-custom elementor-widget elementor-widget-image-gallery\" data-id=\"3d4fa3c5\" data-element_type=\"widget\" data-widget_type=\"image-gallery.default\">\n\t\t\t\t\t\t\t<div class=\"elementor-image-gallery\">\n\t\t\t<div id='gallery-2' class='gallery galleryid-2036 gallery-columns-1 gallery-size-full'><figure class='gallery-item'>\n\t\t\t<div class='gallery-icon landscape'>\n\t\t\t\t<img decoding=\"async\" width=\"1536\" height=\"1024\" src=\"https:\/\/asaja.net\/wp-content\/uploads\/2025\/09\/ChatGPT-Image-Sep-22-2025-08_13_31-PM.png\" class=\"attachment-full size-full\" alt=\"\" srcset=\"https:\/\/asaja.net\/wp-content\/uploads\/2025\/09\/ChatGPT-Image-Sep-22-2025-08_13_31-PM.png 1536w, https:\/\/asaja.net\/wp-content\/uploads\/2025\/09\/ChatGPT-Image-Sep-22-2025-08_13_31-PM-300x200.png 300w, https:\/\/asaja.net\/wp-content\/uploads\/2025\/09\/ChatGPT-Image-Sep-22-2025-08_13_31-PM-1024x683.png 1024w, https:\/\/asaja.net\/wp-content\/uploads\/2025\/09\/ChatGPT-Image-Sep-22-2025-08_13_31-PM-768x512.png 768w, https:\/\/asaja.net\/wp-content\/uploads\/2025\/09\/ChatGPT-Image-Sep-22-2025-08_13_31-PM-18x12.png 18w\" sizes=\"(max-width: 1536px) 100vw, 1536px\" \/>\n\t\t\t<\/div><\/figure>\n\t\t<\/div>\n\t\t<\/div>\n\t\t\t\t\t\t<\/div>\n\t\t\t\t<\/div>\n\t\t<div class=\"elementor-element elementor-element-793c5ae4 e-con-full e-flex wpr-particle-no wpr-jarallax-no wpr-parallax-no wpr-sticky-section-no wpr-equal-height-no e-con e-child\" data-id=\"793c5ae4\" data-element_type=\"container\">\n\t\t\t\t<div class=\"elementor-element elementor-element-59ddedbe elementor-widget elementor-widget-heading\" data-id=\"59ddedbe\" data-element_type=\"widget\" data-widget_type=\"heading.default\">\n\t\t\t\t\t<h2 class=\"elementor-heading-title elementor-size-default\">Tasai<\/h2>\t\t\t\t<\/div>\n\t\t\t\t<div class=\"elementor-element elementor-element-2e6edf87 elementor-widget elementor-widget-text-editor\" data-id=\"2e6edf87\" data-element_type=\"widget\" data-widget_type=\"text-editor.default\">\n\t\t\t\t\t\t\t\t\t<p data-start=\"112\" data-end=\"230\">UAB <strong data-start=\"4\" data-end=\"15\">\u201cASAJA\u201d<\/strong> gamina tarines lenteles ir ta\u0161us, skirtus \u012fvairi\u0173 r\u016b\u0161i\u0173 mediniams pad\u0117klams gaminti.\nTarin\u0117 produkcija yra \u0161vie\u017eio pjovimo bei nat\u016bralaus dr\u0117gnumo.<\/p><p data-start=\"0\" data-end=\"280\">\u012emon\u0117je gaminami <strong data-start=\"218\" data-end=\"242\">I ir II r\u016b\u0161ies<\/strong> lentel\u0117s bei ta\u0161ai i\u0161 lapuo\u010di\u0173 medienos.<\/p><p data-start=\"384\" data-end=\"421\">Ta\u0161\u0173 matmenys (mm):<\/p><ul data-start=\"422\" data-end=\"445\" data-is-last-node=\"\" data-is-only-node=\"\"><li data-start=\"422\" data-end=\"445\" data-is-last-node=\"\"><p data-start=\"424\" data-end=\"445\" data-is-last-node=\"\">75 \u00d7 98 \u00d7 1800 \u2026 3000<\/p><\/li><\/ul><p data-start=\"112\" data-end=\"230\">\u00a0<\/p>\t\t\t\t\t\t\t\t<\/div>\n\t\t\t\t<div class=\"elementor-element elementor-element-1177797d elementor-widget elementor-widget-button\" data-id=\"1177797d\" data-element_type=\"widget\" data-widget_type=\"button.default\">\n\t\t\t\t\t\t\t\t\t\t<a class=\"elementor-button elementor-button-link elementor-size-sm\" href=\"https:\/\/asaja.net\/lt\/contact\/\">\n\t\t\t\t\t\t<span class=\"elementor-button-content-wrapper\">\n\t\t\t\t\t\t<span class=\"elementor-button-icon\">\n\t\t\t\t<svg aria-hidden=\"true\" class=\"e-font-icon-svg e-fas-phone-alt\" viewbox=\"0 0 512 512\" xmlns=\"http:\/\/www.w3.org\/2000\/svg\"><path d=\"M497.39 361.8l-112-48a24 24 0 0 0-28 6.9l-49.6 60.6A370.66 370.66 0 0 1 130.6 204.11l60.6-49.6a23.94 23.94 0 0 0 6.9-28l-48-112A24.16 24.16 0 0 0 122.6.61l-104 24A24 24 0 0 0 0 48c0 256.5 207.9 464 464 464a24 24 0 0 0 23.4-18.6l24-104a24.29 24.29 0 0 0-14.01-27.6z\"><\/path><\/svg>\t\t\t<\/span>\n\t\t\t\t\t\t\t\t\t<span class=\"elementor-button-text\">Susisiekti su pardavimais<\/span>\n\t\t\t\t\t<\/span>\n\t\t\t\t\t<\/a>\n\t\t\t\t\t\t\t\t<\/div>\n\t\t\t\t<\/div>\n\t\t\t\t<\/div>\n\t\t\t\t\t<\/div>\n\t\t<\/div>\n\t\t\t\t\t\t<\/div>\n\t\t\t\t\t<\/div>\n\t\t\t\t<\/div>\n\t\t\t\t<\/div>","protected":false},"excerpt":{"rendered":"<p>Pallet Blanks Categories Spacer boards \/ Intermediate boards Timber beam \/ Sawn log Spacer boards \/ Intermediate boards UAB \u201cASAJA\u201d produces pallet boards and blocks intended for the manufacturing of various types of wooden pallets. The pallet wood products are freshly cut and of natural moisture content. The company manufactures Grade I and Grade II boards and blocks made from hardwood. Board dimensions (mm): 22 \u00d7 98 \u00d7 1200 22 \u00d7 98 \u00d7 1000 22 \u00d7 98 \u00d7 800 \u00a0 Contact Sales Timber beam \/ Sawn log UAB \u201cASAJA\u201d produces pallet boards and blocks intended for the manufacturing of various types of wooden pallets. The pallet wood products are freshly cut and of natural moisture content. The company manufactures Grade I and Grade II boards and blocks made from hardwood. Block dimensions (mm): 75 \u00d7 98 \u00d7 1800 \u2026 3000 \u00a0 Contact Sales Spacer boards \/ Intermediate boards UAB \u201cASAJA\u201d produces pallet boards and blocks intended for the manufacturing of various types of wooden pallets. The pallet wood products are freshly cut and of natural moisture content. The company manufactures Grade I and Grade II boards and blocks made from hardwood. Board dimensions (mm): 22 \u00d7 98 \u00d7 1200 22 \u00d7 98 \u00d7 1000 22 \u00d7 98 \u00d7 800 \u00a0 Contact Sales Timber beam \/ Sawn log UAB \u201cASAJA\u201d produces pallet boards and blocks intended for the manufacturing of various types of wooden pallets. The pallet wood products are freshly cut and of natural moisture content. The company manufactures Grade I and Grade II boards and blocks made from hardwood. Block dimensions (mm): 75 \u00d7 98 \u00d7 1800 \u2026 3000 \u00a0 Contact Sales<\/p>","protected":false},"author":1,"featured_media":0,"parent":0,"menu_order":0,"comment_status":"closed","ping_status":"closed","template":"","meta":{"footnotes":""},"class_list":["post-2036","page","type-page","status-publish","hentry"],"_links":{"self":[{"href":"https:\/\/asaja.net\/lt\/wp-json\/wp\/v2\/pages\/2036","targetHints":{"allow":["GET"]}}],"collection":[{"href":"https:\/\/asaja.net\/lt\/wp-json\/wp\/v2\/pages"}],"about":[{"href":"https:\/\/asaja.net\/lt\/wp-json\/wp\/v2\/types\/page"}],"author":[{"embeddable":true,"href":"https:\/\/asaja.net\/lt\/wp-json\/wp\/v2\/users\/1"}],"replies":[{"embeddable":true,"href":"https:\/\/asaja.net\/lt\/wp-json\/wp\/v2\/comments?post=2036"}],"version-history":[{"count":43,"href":"https:\/\/asaja.net\/lt\/wp-json\/wp\/v2\/pages\/2036\/revisions"}],"predecessor-version":[{"id":2588,"href":"https:\/\/asaja.net\/lt\/wp-json\/wp\/v2\/pages\/2036\/revisions\/2588"}],"wp:attachment":[{"href":"https:\/\/asaja.net\/lt\/wp-json\/wp\/v2\/media?parent=2036"}],"curies":[{"name":"wp","href":"https:\/\/api.w.org\/{rel}","templated":true}]}}