{"id":2038,"date":"2025-09-15T12:09:06","date_gmt":"2025-09-15T12:09:06","guid":{"rendered":"https:\/\/asaja.net\/?page_id=2038"},"modified":"2025-11-17T11:25:48","modified_gmt":"2025-11-17T11:25:48","slug":"by-products","status":"publish","type":"page","link":"https:\/\/asaja.net\/lt\/by-products\/","title":{"rendered":"\u0160alutiniai produktai"},"content":{"rendered":"<div data-elementor-type=\"wp-page\" data-elementor-id=\"2038\" class=\"elementor elementor-2038\">\n\t\t\t\t<div class=\"elementor-element elementor-element-39d3cfb6 e-flex e-con-boxed wpr-particle-no wpr-jarallax-no wpr-parallax-no wpr-sticky-section-no wpr-equal-height-no e-con e-parent\" data-id=\"39d3cfb6\" data-element_type=\"container\">\n\t\t\t\t\t<div class=\"e-con-inner\">\n\t\t\t\t<div class=\"elementor-element elementor-element-42c437ba elementor-widget elementor-widget-heading\" data-id=\"42c437ba\" data-element_type=\"widget\" data-widget_type=\"heading.default\">\n\t\t\t\t\t<h2 class=\"elementor-heading-title elementor-size-default\">\u0160alutiniai produktai<\/h2>\t\t\t\t<\/div>\n\t\t\t\t<div class=\"elementor-element elementor-element-c2c3235 elementor-widget elementor-widget-text-editor\" data-id=\"c2c3235\" data-element_type=\"widget\" data-widget_type=\"text-editor.default\">\n\t\t\t\t\t\t\t\t\t<p data-start=\"17\" data-end=\"166\">M\u016bs\u0173 \u012fmon\u0117je, apdirbant medien\u0105, be pagrindin\u0117s produkcijos i\u0161gaunami ir nat\u016bral\u016bs \u0161alutiniai\nproduktai \u2013 skiedra, pjuvenos ir atrai\u017eos.<\/p><p data-start=\"168\" data-end=\"262\">\u0160ios med\u017eiagos yra ekologi\u0161kos, naudingos bei pla\u010diai pritaikomos \u012fvairiose srityse:<\/p>\t\t\t\t\t\t\t\t<\/div>\n\t\t\t\t<div class=\"elementor-element elementor-element-fa8c5c8 elementor-widget elementor-widget-heading\" data-id=\"fa8c5c8\" data-element_type=\"widget\" data-widget_type=\"heading.default\">\n\t\t\t\t\t<h2 class=\"elementor-heading-title elementor-size-default\">Kategorijos<\/h2>\t\t\t\t<\/div>\n\t\t\t\t\t<\/div>\n\t\t\t\t<\/div>\n\t\t<div class=\"elementor-element elementor-element-6e801bea e-flex e-con-boxed wpr-particle-no wpr-jarallax-no wpr-parallax-no wpr-sticky-section-no wpr-equal-height-no e-con e-parent\" data-id=\"6e801bea\" data-element_type=\"container\">\n\t\t\t\t\t<div class=\"e-con-inner\">\n\t\t\t\t<div class=\"elementor-element elementor-element-34fd76a9 e-n-tabs-mobile elementor-widget elementor-widget-n-tabs\" data-id=\"34fd76a9\" data-element_type=\"widget\" data-settings=\"{&quot;tabs_justify_horizontal&quot;:&quot;start&quot;,&quot;horizontal_scroll&quot;:&quot;disable&quot;}\" data-widget_type=\"nested-tabs.default\">\n\t\t\t\t\t\t\t<div class=\"e-n-tabs\" data-widget-number=\"889026217\" aria-label=\"Skirtukai. Atidarykite elementus su Enter arba Space, u\u017edarykite su Escape ir nar\u0161ykite naudodami rodykli\u0173 klavi\u0161us.\">\n\t\t\t<div class=\"e-n-tabs-heading\" role=\"tablist\">\n\t\t\t\t\t<button id=\"e-n-tab-title-8890262171\" data-tab-title-id=\"e-n-tab-title-8890262171\" class=\"e-n-tab-title\" aria-selected=\"true\" data-tab-index=\"1\" role=\"tab\" tabindex=\"0\" aria-controls=\"e-n-tab-content-8890262171\" style=\"--n-tabs-title-order: 1;\">\n\t\t\t\t\t\t<span class=\"e-n-tab-title-text\">\n\t\t\t\tMedienos atrai\u017eos\t\t\t<\/span>\n\t\t<\/button>\n\t\t\t\t<button id=\"e-n-tab-title-8890262172\" data-tab-title-id=\"e-n-tab-title-8890262172\" class=\"e-n-tab-title\" aria-selected=\"false\" data-tab-index=\"2\" role=\"tab\" tabindex=\"-1\" aria-controls=\"e-n-tab-content-8890262172\" style=\"--n-tabs-title-order: 2;\">\n\t\t\t\t\t\t<span class=\"e-n-tab-title-text\">\n\t\t\t\tMed\u017eio skiedra\t\t\t<\/span>\n\t\t<\/button>\n\t\t\t\t<button id=\"e-n-tab-title-8890262173\" data-tab-title-id=\"e-n-tab-title-8890262173\" class=\"e-n-tab-title\" aria-selected=\"false\" data-tab-index=\"3\" role=\"tab\" tabindex=\"-1\" aria-controls=\"e-n-tab-content-8890262173\" style=\"--n-tabs-title-order: 3;\">\n\t\t\t\t\t\t<span class=\"e-n-tab-title-text\">\n\t\t\t\tPjuvenos\t\t\t<\/span>\n\t\t<\/button>\n\t\t\t\t\t<\/div>\n\t\t\t<div class=\"e-n-tabs-content\">\n\t\t\t\t<div id=\"e-n-tab-content-8890262171\" role=\"tabpanel\" aria-labelledby=\"e-n-tab-title-8890262171\" data-tab-index=\"1\" style=\"--n-tabs-title-order: 1;\" class=\"e-active elementor-element elementor-element-18f89b12 e-con-full e-flex wpr-particle-no wpr-jarallax-no wpr-parallax-no wpr-sticky-section-no wpr-equal-height-no e-con e-child\" data-id=\"18f89b12\" data-element_type=\"container\">\n\t\t<div class=\"elementor-element elementor-element-51fa0401 e-con-full e-flex wpr-particle-no wpr-jarallax-no wpr-parallax-no wpr-sticky-section-no wpr-equal-height-no e-con e-child\" data-id=\"51fa0401\" data-element_type=\"container\">\n\t\t\t\t<div class=\"elementor-element elementor-element-cdbef0d gallery-spacing-custom elementor-widget elementor-widget-image-gallery\" data-id=\"cdbef0d\" data-element_type=\"widget\" data-widget_type=\"image-gallery.default\">\n\t\t\t\t\t\t\t<div class=\"elementor-image-gallery\">\n\t\t\t<div id='gallery-1' class='gallery galleryid-2038 gallery-columns-1 gallery-size-full'><figure class='gallery-item'>\n\t\t\t<div class='gallery-icon portrait'>\n\t\t\t\t<img fetchpriority=\"high\" decoding=\"async\" width=\"1019\" height=\"1024\" src=\"https:\/\/asaja.net\/wp-content\/uploads\/2025\/09\/ChatGPT-Image-Sep-22-2025-08_18_10-PM-1.png\" class=\"attachment-full size-full\" alt=\"\" srcset=\"https:\/\/asaja.net\/wp-content\/uploads\/2025\/09\/ChatGPT-Image-Sep-22-2025-08_18_10-PM-1.png 1019w, https:\/\/asaja.net\/wp-content\/uploads\/2025\/09\/ChatGPT-Image-Sep-22-2025-08_18_10-PM-1-300x300.png 300w, https:\/\/asaja.net\/wp-content\/uploads\/2025\/09\/ChatGPT-Image-Sep-22-2025-08_18_10-PM-1-150x150.png 150w, https:\/\/asaja.net\/wp-content\/uploads\/2025\/09\/ChatGPT-Image-Sep-22-2025-08_18_10-PM-1-768x772.png 768w, https:\/\/asaja.net\/wp-content\/uploads\/2025\/09\/ChatGPT-Image-Sep-22-2025-08_18_10-PM-1-12x12.png 12w\" sizes=\"(max-width: 1019px) 100vw, 1019px\" \/>\n\t\t\t<\/div><\/figure>\n\t\t<\/div>\n\t\t<\/div>\n\t\t\t\t\t\t<\/div>\n\t\t\t\t<\/div>\n\t\t<div class=\"elementor-element elementor-element-4ff64b9c e-con-full e-flex wpr-particle-no wpr-jarallax-no wpr-parallax-no wpr-sticky-section-no wpr-equal-height-no e-con e-child\" data-id=\"4ff64b9c\" data-element_type=\"container\">\n\t\t\t\t<div class=\"elementor-element elementor-element-37fba162 elementor-widget elementor-widget-heading\" data-id=\"37fba162\" data-element_type=\"widget\" data-widget_type=\"heading.default\">\n\t\t\t\t\t<h2 class=\"elementor-heading-title elementor-size-default\">Medienos atrai\u017eos<\/h2>\t\t\t\t<\/div>\n\t\t\t\t<div class=\"elementor-element elementor-element-4724619c elementor-widget elementor-widget-text-editor\" data-id=\"4724619c\" data-element_type=\"widget\" data-widget_type=\"text-editor.default\">\n\t\t\t\t\t\t\t\t\t<p data-start=\"140\" data-end=\"261\">Nat\u016bralus, ekologi\u0161kas ir universalaus panaudojimo produktas, gaunamas medienos apdirbimo proceso metu. M\u016bs\u0173 \u012fmon\u0117je gaminama skiedra pasi\u017eymi auk\u0161ta kokybe, tolygiu frakcijos dyd\u017eiu ir \u0161varumu, tod\u0117l puikiai tinka tiek pramoniniam, tiek buitiniam\nnaudojimui. U\u017etikriname patikim\u0105 tiekim\u0105, konkurencing\u0105 kain\u0105 ir auk\u0161t\u0105 kokyb\u0117s standart\u0105.<\/p>\t\t\t\t\t\t\t\t<\/div>\n\t\t\t\t<div class=\"elementor-element elementor-element-614886b2 elementor-widget elementor-widget-button\" data-id=\"614886b2\" data-element_type=\"widget\" data-widget_type=\"button.default\">\n\t\t\t\t\t\t\t\t\t\t<a class=\"elementor-button elementor-button-link elementor-size-sm\" href=\"https:\/\/asaja.net\/lt\/contact\/\">\n\t\t\t\t\t\t<span class=\"elementor-button-content-wrapper\">\n\t\t\t\t\t\t<span class=\"elementor-button-icon\">\n\t\t\t\t<svg aria-hidden=\"true\" class=\"e-font-icon-svg e-fas-phone-alt\" viewbox=\"0 0 512 512\" xmlns=\"http:\/\/www.w3.org\/2000\/svg\"><path d=\"M497.39 361.8l-112-48a24 24 0 0 0-28 6.9l-49.6 60.6A370.66 370.66 0 0 1 130.6 204.11l60.6-49.6a23.94 23.94 0 0 0 6.9-28l-48-112A24.16 24.16 0 0 0 122.6.61l-104 24A24 24 0 0 0 0 48c0 256.5 207.9 464 464 464a24 24 0 0 0 23.4-18.6l24-104a24.29 24.29 0 0 0-14.01-27.6z\"><\/path><\/svg>\t\t\t<\/span>\n\t\t\t\t\t\t\t\t\t<span class=\"elementor-button-text\">Susisiekti su pardavimais<\/span>\n\t\t\t\t\t<\/span>\n\t\t\t\t\t<\/a>\n\t\t\t\t\t\t\t\t<\/div>\n\t\t\t\t<\/div>\n\t\t\t\t<\/div>\n\t\t<div id=\"e-n-tab-content-8890262172\" role=\"tabpanel\" aria-labelledby=\"e-n-tab-title-8890262172\" data-tab-index=\"2\" style=\"--n-tabs-title-order: 2;\" class=\"elementor-element elementor-element-eea7a32 e-con-full e-flex wpr-particle-no wpr-jarallax-no wpr-parallax-no wpr-sticky-section-no wpr-equal-height-no e-con e-child\" data-id=\"eea7a32\" data-element_type=\"container\">\n\t\t<div class=\"elementor-element elementor-element-1f98e726 e-con-full e-flex wpr-particle-no wpr-jarallax-no wpr-parallax-no wpr-sticky-section-no wpr-equal-height-no e-con e-child\" data-id=\"1f98e726\" data-element_type=\"container\">\n\t\t\t\t<div class=\"elementor-element elementor-element-7f4d5b5b gallery-spacing-custom elementor-widget elementor-widget-image-gallery\" data-id=\"7f4d5b5b\" data-element_type=\"widget\" data-widget_type=\"image-gallery.default\">\n\t\t\t\t\t\t\t<div class=\"elementor-image-gallery\">\n\t\t\t<div id='gallery-2' class='gallery galleryid-2038 gallery-columns-1 gallery-size-full'><figure class='gallery-item'>\n\t\t\t<div class='gallery-icon landscape'>\n\t\t\t\t<img decoding=\"async\" width=\"1024\" height=\"1020\" src=\"https:\/\/asaja.net\/wp-content\/uploads\/2025\/09\/ChatGPT-Image-Sep-22-2025-08_21_59-PM.png\" class=\"attachment-full size-full\" alt=\"\" srcset=\"https:\/\/asaja.net\/wp-content\/uploads\/2025\/09\/ChatGPT-Image-Sep-22-2025-08_21_59-PM.png 1024w, https:\/\/asaja.net\/wp-content\/uploads\/2025\/09\/ChatGPT-Image-Sep-22-2025-08_21_59-PM-300x300.png 300w, https:\/\/asaja.net\/wp-content\/uploads\/2025\/09\/ChatGPT-Image-Sep-22-2025-08_21_59-PM-150x150.png 150w, https:\/\/asaja.net\/wp-content\/uploads\/2025\/09\/ChatGPT-Image-Sep-22-2025-08_21_59-PM-768x765.png 768w, https:\/\/asaja.net\/wp-content\/uploads\/2025\/09\/ChatGPT-Image-Sep-22-2025-08_21_59-PM-12x12.png 12w\" sizes=\"(max-width: 1024px) 100vw, 1024px\" \/>\n\t\t\t<\/div><\/figure>\n\t\t<\/div>\n\t\t<\/div>\n\t\t\t\t\t\t<\/div>\n\t\t\t\t<\/div>\n\t\t<div class=\"elementor-element elementor-element-504c6570 e-con-full e-flex wpr-particle-no wpr-jarallax-no wpr-parallax-no wpr-sticky-section-no wpr-equal-height-no e-con e-child\" data-id=\"504c6570\" data-element_type=\"container\">\n\t\t\t\t<div class=\"elementor-element elementor-element-75c8216 elementor-widget elementor-widget-heading\" data-id=\"75c8216\" data-element_type=\"widget\" data-widget_type=\"heading.default\">\n\t\t\t\t\t<h2 class=\"elementor-heading-title elementor-size-default\">Med\u017eio skiedra<\/h2>\t\t\t\t<\/div>\n\t\t\t\t<div class=\"elementor-element elementor-element-75038152 elementor-widget elementor-widget-text-editor\" data-id=\"75038152\" data-element_type=\"widget\" data-widget_type=\"text-editor.default\">\n\t\t\t\t\t\t\t\t\t<p data-start=\"104\" data-end=\"222\">Nat\u016bralus, ekologi\u0161kas \u0161alutinis produktas, susidarantis apdirbant medien\u0105. Jos pasi\u017eymi \u0161varia sud\u0117timi, be chemini\u0173 priemai\u0161\u0173, tod\u0117l yra pla\u010diai naudojamos tiek pramon\u0117je, tiek \u017eem\u0117s \u016bkyje, gyvulininkyst\u0117je ar kuro gamyboje.<\/p>\t\t\t\t\t\t\t\t<\/div>\n\t\t\t\t<div class=\"elementor-element elementor-element-5037434b elementor-widget elementor-widget-button\" data-id=\"5037434b\" data-element_type=\"widget\" data-widget_type=\"button.default\">\n\t\t\t\t\t\t\t\t\t\t<a class=\"elementor-button elementor-button-link elementor-size-sm\" href=\"https:\/\/asaja.net\/lt\/contact\/\">\n\t\t\t\t\t\t<span class=\"elementor-button-content-wrapper\">\n\t\t\t\t\t\t<span class=\"elementor-button-icon\">\n\t\t\t\t<svg aria-hidden=\"true\" class=\"e-font-icon-svg e-fas-phone-alt\" viewbox=\"0 0 512 512\" xmlns=\"http:\/\/www.w3.org\/2000\/svg\"><path d=\"M497.39 361.8l-112-48a24 24 0 0 0-28 6.9l-49.6 60.6A370.66 370.66 0 0 1 130.6 204.11l60.6-49.6a23.94 23.94 0 0 0 6.9-28l-48-112A24.16 24.16 0 0 0 122.6.61l-104 24A24 24 0 0 0 0 48c0 256.5 207.9 464 464 464a24 24 0 0 0 23.4-18.6l24-104a24.29 24.29 0 0 0-14.01-27.6z\"><\/path><\/svg>\t\t\t<\/span>\n\t\t\t\t\t\t\t\t\t<span class=\"elementor-button-text\">Susisiekti su pardavimais<\/span>\n\t\t\t\t\t<\/span>\n\t\t\t\t\t<\/a>\n\t\t\t\t\t\t\t\t<\/div>\n\t\t\t\t<\/div>\n\t\t\t\t<\/div>\n\t\t<div id=\"e-n-tab-content-8890262173\" role=\"tabpanel\" aria-labelledby=\"e-n-tab-title-8890262173\" data-tab-index=\"3\" style=\"--n-tabs-title-order: 3;\" class=\"elementor-element elementor-element-10c7f494 e-con-full e-flex wpr-particle-no wpr-jarallax-no wpr-parallax-no wpr-sticky-section-no wpr-equal-height-no e-con e-child\" data-id=\"10c7f494\" data-element_type=\"container\">\n\t\t<div class=\"elementor-element elementor-element-88a3408 e-con-full e-flex wpr-particle-no wpr-jarallax-no wpr-parallax-no wpr-sticky-section-no wpr-equal-height-no e-con e-child\" data-id=\"88a3408\" data-element_type=\"container\">\n\t\t\t\t<div class=\"elementor-element elementor-element-74cc2cae gallery-spacing-custom elementor-widget elementor-widget-image-gallery\" data-id=\"74cc2cae\" data-element_type=\"widget\" data-widget_type=\"image-gallery.default\">\n\t\t\t\t\t\t\t<div class=\"elementor-image-gallery\">\n\t\t\t<div id='gallery-3' class='gallery galleryid-2038 gallery-columns-1 gallery-size-full'><figure class='gallery-item'>\n\t\t\t<div class='gallery-icon landscape'>\n\t\t\t\t<img decoding=\"async\" width=\"1080\" height=\"1080\" src=\"https:\/\/asaja.net\/wp-content\/uploads\/2025\/09\/Paying-2kmonth-to-go-in-circles-8.png\" class=\"attachment-full size-full\" alt=\"\" srcset=\"https:\/\/asaja.net\/wp-content\/uploads\/2025\/09\/Paying-2kmonth-to-go-in-circles-8.png 1080w, https:\/\/asaja.net\/wp-content\/uploads\/2025\/09\/Paying-2kmonth-to-go-in-circles-8-300x300.png 300w, https:\/\/asaja.net\/wp-content\/uploads\/2025\/09\/Paying-2kmonth-to-go-in-circles-8-1024x1024.png 1024w, https:\/\/asaja.net\/wp-content\/uploads\/2025\/09\/Paying-2kmonth-to-go-in-circles-8-150x150.png 150w, https:\/\/asaja.net\/wp-content\/uploads\/2025\/09\/Paying-2kmonth-to-go-in-circles-8-768x768.png 768w, https:\/\/asaja.net\/wp-content\/uploads\/2025\/09\/Paying-2kmonth-to-go-in-circles-8-12x12.png 12w\" sizes=\"(max-width: 1080px) 100vw, 1080px\" \/>\n\t\t\t<\/div><\/figure>\n\t\t<\/div>\n\t\t<\/div>\n\t\t\t\t\t\t<\/div>\n\t\t\t\t<\/div>\n\t\t<div class=\"elementor-element elementor-element-349afded e-con-full e-flex wpr-particle-no wpr-jarallax-no wpr-parallax-no wpr-sticky-section-no wpr-equal-height-no e-con e-child\" data-id=\"349afded\" data-element_type=\"container\">\n\t\t\t\t<div class=\"elementor-element elementor-element-2aa6086d elementor-widget elementor-widget-heading\" data-id=\"2aa6086d\" data-element_type=\"widget\" data-widget_type=\"heading.default\">\n\t\t\t\t\t<h2 class=\"elementor-heading-title elementor-size-default\">Pjuvenos<\/h2>\t\t\t\t<\/div>\n\t\t\t\t<div class=\"elementor-element elementor-element-350efdff elementor-widget elementor-widget-text-editor\" data-id=\"350efdff\" data-element_type=\"widget\" data-widget_type=\"text-editor.default\">\n\t\t\t\t\t\t\t\t\t<p data-start=\"104\" data-end=\"241\">Nat\u016bralus medienos apdirbimo proces\u0173 \u0161alutinis produktas, tinkamas\n\u012fvairiam panaudojimui. Atrai\u017eos gali b\u016bti skirting\u0173 dyd\u017ei\u0173, form\u0173 ir r\u016b\u0161i\u0173 \u2013 nuo ma\u017eesni\u0173 lenteli\u0173 iki stambesni\u0173. \u012eprastai medienos atrai\u017eos naudojamos k\u016brenimui ir pramon\u0117je. Tai ekonomi\u0161kas ir ekologi\u0161kas pasirinkimas, padedantis maksimaliai i\u0161naudoti medienos \u017ealiav\u0105 bei ma\u017einti atliek\u0173 kiek\u012f. M\u016bs\u0173 \u012fmon\u0117 si\u016blo kokybi\u0161kas medienos atrai\u017eas tiesiai i\u0161 gamybos \u2013 lapuo\u010di\u0173 medienos.<\/p>\t\t\t\t\t\t\t\t<\/div>\n\t\t\t\t<div class=\"elementor-element elementor-element-746ed8b8 elementor-widget elementor-widget-button\" data-id=\"746ed8b8\" data-element_type=\"widget\" data-widget_type=\"button.default\">\n\t\t\t\t\t\t\t\t\t\t<a class=\"elementor-button elementor-button-link elementor-size-sm\" href=\"https:\/\/asaja.net\/lt\/contact\/\">\n\t\t\t\t\t\t<span class=\"elementor-button-content-wrapper\">\n\t\t\t\t\t\t<span class=\"elementor-button-icon\">\n\t\t\t\t<svg aria-hidden=\"true\" class=\"e-font-icon-svg e-fas-phone-alt\" viewbox=\"0 0 512 512\" xmlns=\"http:\/\/www.w3.org\/2000\/svg\"><path d=\"M497.39 361.8l-112-48a24 24 0 0 0-28 6.9l-49.6 60.6A370.66 370.66 0 0 1 130.6 204.11l60.6-49.6a23.94 23.94 0 0 0 6.9-28l-48-112A24.16 24.16 0 0 0 122.6.61l-104 24A24 24 0 0 0 0 48c0 256.5 207.9 464 464 464a24 24 0 0 0 23.4-18.6l24-104a24.29 24.29 0 0 0-14.01-27.6z\"><\/path><\/svg>\t\t\t<\/span>\n\t\t\t\t\t\t\t\t\t<span class=\"elementor-button-text\">Susisiekti su pardavimais<\/span>\n\t\t\t\t\t<\/span>\n\t\t\t\t\t<\/a>\n\t\t\t\t\t\t\t\t<\/div>\n\t\t\t\t<\/div>\n\t\t\t\t<\/div>\n\t\t\t\t\t<\/div>\n\t\t<\/div>\n\t\t\t\t\t\t<\/div>\n\t\t\t\t\t<\/div>\n\t\t\t\t<\/div>\n\t\t<div class=\"elementor-element elementor-element-32ae85a e-flex e-con-boxed wpr-particle-no wpr-jarallax-no wpr-parallax-no wpr-sticky-section-no wpr-equal-height-no e-con e-parent\" data-id=\"32ae85a\" data-element_type=\"container\">\n\t\t\t\t\t<div class=\"e-con-inner\">\n\t\t\t\t<div class=\"elementor-element elementor-element-1b21b09 elementor-widget elementor-widget-text-editor\" data-id=\"1b21b09\" data-element_type=\"widget\" data-widget_type=\"text-editor.default\">\n\t\t\t\t\t\t\t\t\t<article class=\"text-token-text-primary w-full focus:outline-none [--shadow-height:45px] has-data-writing-block:pointer-events-none has-data-writing-block:-mt-(--shadow-height) has-data-writing-block:pt-(--shadow-height) [&amp;:has([data-writing-block])&gt;*]:pointer-events-auto [content-visibility:auto] supports-[content-visibility:auto]:[contain-intrinsic-size:auto_100lvh] scroll-mt-[calc(var(--header-height)+min(200px,max(70px,20svh)))]\" dir=\"auto\" tabindex=\"-1\" data-turn-id=\"request-WEB:2845088f-449a-4c73-9715-2a953fd1cbda-3\" data-testid=\"conversation-turn-8\" data-scroll-anchor=\"true\" data-turn=\"assistant\"><div class=\"text-base my-auto mx-auto pb-10 [--thread-content-margin:--spacing(4)] thread-sm:[--thread-content-margin:--spacing(6)] thread-lg:[--thread-content-margin:--spacing(16)] px-(--thread-content-margin)\"><div class=\"[--thread-content-max-width:40rem] thread-lg:[--thread-content-max-width:48rem] mx-auto max-w-(--thread-content-max-width) flex-1 group\/turn-messages focus-visible:outline-hidden relative flex w-full min-w-0 flex-col agent-turn\" tabindex=\"-1\"><div class=\"flex max-w-full flex-col grow\"><div class=\"min-h-8 text-message relative flex w-full flex-col items-end gap-2 text-start break-words whitespace-normal [.text-message+&amp;]:mt-1\" dir=\"auto\" data-message-author-role=\"assistant\" data-message-id=\"78c4ec89-397f-4722-b41b-3102b1a04bb6\" data-message-model-slug=\"gpt-5-1\"><div class=\"flex w-full flex-col gap-1 empty:hidden first:pt-[1px]\"><div class=\"markdown prose dark:prose-invert w-full break-words light markdown-new-styling\"><p data-start=\"1267\" data-end=\"1426\" data-is-last-node=\"\" data-is-only-node=\"\">Visi \u0161alutiniai produktai surenkami, r\u016b\u0161iuojami ir tiekiami klientams pagal poreik\u012f. Siekiame, kad\nkiekvienas med\u017eio gabal\u0117lis b\u016bt\u0173 panaudotas tvariai ir atsakingai.<\/p><\/div><\/div><\/div><\/div><\/div><\/div><\/article>\t\t\t\t\t\t\t\t<\/div>\n\t\t\t\t\t<\/div>\n\t\t\t\t<\/div>\n\t\t\t\t<\/div>","protected":false},"excerpt":{"rendered":"<p>By-products In our company, during the wood processing stage, natural by-products are generated alongside the main production \u2013 wood chips, sawdust, and offcuts. These materials are environmentally friendly, useful, and widely applicable in various fields: Categories Wood offcuts \/ Wood scraps Wood chip Sawdust Wood offcuts \/ Wood scraps Natural, eco-friendly, and versatile product obtained during the wood processing process. The chips produced in our company are high-quality, uniform in particle size, and clean, making them suitable for both industrial and household use. We ensure reliable supply, competitive pricing, and high quality standards. Contact Sales Wood chip Natural, ecological by-product generated during wood processing. It has a clean composition without chemical impurities and is widely used in industry, agriculture, livestock farming, and fuel production. Contact Sales Sawdust Natural by-product of wood processing, suitable for various applications. Offcuts come in different sizes, shapes, and types \u2013 from small boards to larger pieces. They are commonly used for fuel and in industrial processes. This is an economical and eco-friendly choice that helps maximize the use of raw wood and reduce waste. Our company offers high-quality hardwood offcuts delivered directly from production. Contact Sales Wood offcuts \/ Wood scraps Natural, eco-friendly, and versatile product obtained during the wood processing process. The chips produced in our company are high-quality, uniform in particle size, and clean, making them suitable for both industrial and household use. We ensure reliable supply, competitive pricing, and high quality standards. Contact Sales Wood chip Natural, ecological by-product generated during wood processing. It has a clean composition without chemical impurities and is widely used in industry, agriculture, livestock farming, and fuel production. Contact Sales Sawdust Natural by-product of wood processing, suitable for various applications. Offcuts come in different sizes, shapes, and types \u2013 from small boards to larger pieces. They are commonly used for fuel and in industrial processes. This is an economical and eco-friendly choice that helps maximize the use of raw wood and reduce waste. Our company offers high-quality hardwood offcuts delivered directly from production. Contact Sales All by-products are collected, sorted, and supplied according to customer needs. We aim to ensure that every piece of wood is used sustainably and responsibly.<\/p>","protected":false},"author":1,"featured_media":0,"parent":0,"menu_order":0,"comment_status":"closed","ping_status":"closed","template":"","meta":{"footnotes":""},"class_list":["post-2038","page","type-page","status-publish","hentry"],"_links":{"self":[{"href":"https:\/\/asaja.net\/lt\/wp-json\/wp\/v2\/pages\/2038","targetHints":{"allow":["GET"]}}],"collection":[{"href":"https:\/\/asaja.net\/lt\/wp-json\/wp\/v2\/pages"}],"about":[{"href":"https:\/\/asaja.net\/lt\/wp-json\/wp\/v2\/types\/page"}],"author":[{"embeddable":true,"href":"https:\/\/asaja.net\/lt\/wp-json\/wp\/v2\/users\/1"}],"replies":[{"embeddable":true,"href":"https:\/\/asaja.net\/lt\/wp-json\/wp\/v2\/comments?post=2038"}],"version-history":[{"count":61,"href":"https:\/\/asaja.net\/lt\/wp-json\/wp\/v2\/pages\/2038\/revisions"}],"predecessor-version":[{"id":2591,"href":"https:\/\/asaja.net\/lt\/wp-json\/wp\/v2\/pages\/2038\/revisions\/2591"}],"wp:attachment":[{"href":"https:\/\/asaja.net\/lt\/wp-json\/wp\/v2\/media?parent=2038"}],"curies":[{"name":"wp","href":"https:\/\/api.w.org\/{rel}","templated":true}]}}